{"id":729,"date":"2025-07-21T08:31:48","date_gmt":"2025-07-21T08:31:48","guid":{"rendered":"https:\/\/arpontrekking.com\/?page_id=729"},"modified":"2025-07-30T07:44:44","modified_gmt":"2025-07-30T07:44:44","slug":"sobre-nos","status":"publish","type":"page","link":"https:\/\/www.arpontrekking.com\/pt\/sobre-nos\/","title":{"rendered":"Sobre n\u00f3s"},"content":{"rendered":"<div data-elementor-type=\"wp-page\" data-elementor-id=\"729\" class=\"elementor elementor-729\" data-elementor-post-type=\"page\">\n\t\t\t\t<div class=\"elementor-element elementor-element-c8a133e e-flex e-con-boxed e-con e-parent\" data-id=\"c8a133e\" data-element_type=\"container\" data-e-type=\"container\">\n\t\t\t\t\t<div class=\"e-con-inner\">\n\t\t\t\t<div class=\"elementor-element elementor-element-9c08409 elementor-widget elementor-widget-image\" data-id=\"9c08409\" data-element_type=\"widget\" data-e-type=\"widget\" data-widget_type=\"image.default\">\n\t\t\t\t<div class=\"elementor-widget-container\">\n\t\t\t\t\t\t\t\t\t\t\t\t\t\t\t<img decoding=\"async\" width=\"800\" height=\"382\" src=\"https:\/\/www.arpontrekking.com\/wp-content\/uploads\/2025\/07\/logo-secundary-black.png\" class=\"attachment-large size-large wp-image-732\" alt=\"Logotipo secund\u00e1rio Arpontrekking\" srcset=\"https:\/\/www.arpontrekking.com\/wp-content\/uploads\/2025\/07\/logo-secundary-black.png 1023w, https:\/\/www.arpontrekking.com\/wp-content\/uploads\/2025\/07\/logo-secundary-black-300x143.png 300w, https:\/\/www.arpontrekking.com\/wp-content\/uploads\/2025\/07\/logo-secundary-black-150x72.png 150w, https:\/\/www.arpontrekking.com\/wp-content\/uploads\/2025\/07\/logo-secundary-black-768x366.png 768w, https:\/\/www.arpontrekking.com\/wp-content\/uploads\/2025\/07\/logo-secundary-black-18x9.png 18w\" sizes=\"(max-width: 800px) 100vw, 800px\" \/>\t\t\t\t\t\t\t\t\t\t\t\t\t\t\t<\/div>\n\t\t\t\t<\/div>\n\t\t\t\t<div class=\"elementor-element elementor-element-5a721ee elementor-widget__width-initial elementor-widget elementor-widget-heading\" data-id=\"5a721ee\" data-element_type=\"widget\" data-e-type=\"widget\" data-widget_type=\"heading.default\">\n\t\t\t\t<div class=\"elementor-widget-container\">\n\t\t\t\t\t<h1 class=\"elementor-heading-title elementor-size-default\">Uma empresa familiar dedicada a fornecer servi\u00e7os de trekking. Operando desde 2016, acrescentamos experi\u00eancias positivas e satisfat\u00f3rias todos os dias.<\/h1>\t\t\t\t<\/div>\n\t\t\t\t<\/div>\n\t\t<div class=\"elementor-element elementor-element-cfa2c68 e-con-full e-grid e-con e-child\" data-id=\"cfa2c68\" data-element_type=\"container\" data-e-type=\"container\">\n\t\t<div class=\"elementor-element elementor-element-5f6d870 e-con-full e-flex e-con e-child\" data-id=\"5f6d870\" data-element_type=\"container\" data-e-type=\"container\" data-settings=\"{&quot;background_background&quot;:&quot;classic&quot;}\">\n\t\t\t\t<div class=\"elementor-element elementor-element-a3b2b77 elementor-widget elementor-widget-heading\" data-id=\"a3b2b77\" data-element_type=\"widget\" data-e-type=\"widget\" data-widget_type=\"heading.default\">\n\t\t\t\t<div class=\"elementor-widget-container\">\n\t\t\t\t\t<span class=\"elementor-heading-title elementor-size-default\">+10.000<\/span>\t\t\t\t<\/div>\n\t\t\t\t<\/div>\n\t\t\t\t<div class=\"elementor-element elementor-element-e4d2591 elementor-widget elementor-widget-heading\" data-id=\"e4d2591\" data-element_type=\"widget\" data-e-type=\"widget\" data-widget_type=\"heading.default\">\n\t\t\t\t<div class=\"elementor-widget-container\">\n\t\t\t\t\t<p class=\"elementor-heading-title elementor-size-default\">Os turistas viveram uma experi\u00eancia inesquec\u00edvel na Patag\u00f4nia.<\/p>\t\t\t\t<\/div>\n\t\t\t\t<\/div>\n\t\t\t\t<\/div>\n\t\t<div class=\"elementor-element elementor-element-e6b9386 e-con-full e-flex e-con e-child\" data-id=\"e6b9386\" data-element_type=\"container\" data-e-type=\"container\" data-settings=\"{&quot;background_background&quot;:&quot;classic&quot;}\">\n\t\t\t\t<div class=\"elementor-element elementor-element-79593da elementor-widget elementor-widget-heading\" data-id=\"79593da\" data-element_type=\"widget\" data-e-type=\"widget\" data-widget_type=\"heading.default\">\n\t\t\t\t<div class=\"elementor-widget-container\">\n\t\t\t\t\t<span class=\"elementor-heading-title elementor-size-default\">+15<\/span>\t\t\t\t<\/div>\n\t\t\t\t<\/div>\n\t\t\t\t<div class=\"elementor-element elementor-element-052bab3 elementor-widget elementor-widget-heading\" data-id=\"052bab3\" data-element_type=\"widget\" data-e-type=\"widget\" data-widget_type=\"heading.default\">\n\t\t\t\t<div class=\"elementor-widget-container\">\n\t\t\t\t\t<p class=\"elementor-heading-title elementor-size-default\">Anos de experi\u00eancia na organiza\u00e7\u00e3o de excurs\u00f5es seguras e personalizadas.<\/p>\t\t\t\t<\/div>\n\t\t\t\t<\/div>\n\t\t\t\t<\/div>\n\t\t<div class=\"elementor-element elementor-element-2ecf261 e-con-full e-flex e-con e-child\" data-id=\"2ecf261\" data-element_type=\"container\" data-e-type=\"container\" data-settings=\"{&quot;background_background&quot;:&quot;classic&quot;}\">\n\t\t\t\t<div class=\"elementor-element elementor-element-fcbfa65 elementor-absolute elementor-widget elementor-widget-image\" data-id=\"fcbfa65\" data-element_type=\"widget\" data-e-type=\"widget\" data-settings=\"{&quot;_position&quot;:&quot;absolute&quot;}\" data-widget_type=\"image.default\">\n\t\t\t\t<div class=\"elementor-widget-container\">\n\t\t\t\t\t\t\t\t\t\t\t\t\t\t\t<img decoding=\"async\" width=\"36\" height=\"36\" src=\"https:\/\/www.arpontrekking.com\/wp-content\/uploads\/2025\/07\/tripadvisor-icon.svg\" class=\"attachment-large size-large wp-image-733\" alt=\"\u00cdcone do TripAdvisor\" \/>\t\t\t\t\t\t\t\t\t\t\t\t\t\t\t<\/div>\n\t\t\t\t<\/div>\n\t\t\t\t<div class=\"elementor-element elementor-element-8536237 elementor-widget elementor-widget-heading\" data-id=\"8536237\" data-element_type=\"widget\" data-e-type=\"widget\" data-widget_type=\"heading.default\">\n\t\t\t\t<div class=\"elementor-widget-container\">\n\t\t\t\t\t<span class=\"elementor-heading-title elementor-size-default\">4.9<\/span>\t\t\t\t<\/div>\n\t\t\t\t<\/div>\n\t\t\t\t<div class=\"elementor-element elementor-element-0f3a114 elementor-widget elementor-widget-heading\" data-id=\"0f3a114\" data-element_type=\"widget\" data-e-type=\"widget\" data-widget_type=\"heading.default\">\n\t\t\t\t<div class=\"elementor-widget-container\">\n\t\t\t\t\t<p class=\"elementor-heading-title elementor-size-default\">Promo\u00e7\u00e3o de resenhas positivas em plataformas como o TripAdvisor.<\/p>\t\t\t\t<\/div>\n\t\t\t\t<\/div>\n\t\t\t\t<\/div>\n\t\t<div class=\"elementor-element elementor-element-c22287f e-con-full e-flex e-con e-child\" data-id=\"c22287f\" data-element_type=\"container\" data-e-type=\"container\" data-settings=\"{&quot;background_background&quot;:&quot;classic&quot;}\">\n\t\t\t\t<div class=\"elementor-element elementor-element-fe9ff24 elementor-widget elementor-widget-heading\" data-id=\"fe9ff24\" data-element_type=\"widget\" data-e-type=\"widget\" data-widget_type=\"heading.default\">\n\t\t\t\t<div class=\"elementor-widget-container\">\n\t\t\t\t\t<span class=\"elementor-heading-title elementor-size-default\">+30<\/span>\t\t\t\t<\/div>\n\t\t\t\t<\/div>\n\t\t\t\t<div class=\"elementor-element elementor-element-f0951b9 elementor-widget elementor-widget-heading\" data-id=\"f0951b9\" data-element_type=\"widget\" data-e-type=\"widget\" data-widget_type=\"heading.default\">\n\t\t\t\t<div class=\"elementor-widget-container\">\n\t\t\t\t\t<p class=\"elementor-heading-title elementor-size-default\">Rotas e destinos para descobrir a beleza natural do sul argentino.<\/p>\t\t\t\t<\/div>\n\t\t\t\t<\/div>\n\t\t\t\t<\/div>\n\t\t\t\t<\/div>\n\t\t\t\t\t<\/div>\n\t\t\t\t<\/div>\n\t\t<div class=\"elementor-element elementor-element-32d5d56 e-flex e-con-boxed e-con e-parent\" data-id=\"32d5d56\" data-element_type=\"container\" data-e-type=\"container\">\n\t\t\t\t\t<div class=\"e-con-inner\">\n\t\t\t\t<div class=\"elementor-element elementor-element-e4c6fab elementor-widget elementor-widget-heading\" data-id=\"e4c6fab\" data-element_type=\"widget\" data-e-type=\"widget\" data-widget_type=\"heading.default\">\n\t\t\t\t<div class=\"elementor-widget-container\">\n\t\t\t\t\t<h2 class=\"elementor-heading-title elementor-size-default\">Nutrindo seu esp\u00edrito aventureiro<\/h2>\t\t\t\t<\/div>\n\t\t\t\t<\/div>\n\t\t\t\t<div class=\"elementor-element elementor-element-0b5c63b elementor-widget__width-initial elementor-widget elementor-widget-heading\" data-id=\"0b5c63b\" data-element_type=\"widget\" data-e-type=\"widget\" data-widget_type=\"heading.default\">\n\t\t\t\t<div class=\"elementor-widget-container\">\n\t\t\t\t\t<p class=\"elementor-heading-title elementor-size-default\">Na Arpon Trekking, somos os guardi\u00f5es de uma promessa. Uma promessa de lev\u00e1-lo em uma jornada extraordin\u00e1ria pelas paisagens acidentadas da Terra do Fogo. Nossa hist\u00f3ria \u00e9 uma hist\u00f3ria de paix\u00e3o, aventura e um profundo amor pela beleza intocada dessa regi\u00e3o \u00fanica.<\/p>\t\t\t\t<\/div>\n\t\t\t\t<\/div>\n\t\t<div class=\"elementor-element elementor-element-8bf3ba8 e-con-full e-grid e-con e-child\" data-id=\"8bf3ba8\" data-element_type=\"container\" data-e-type=\"container\">\n\t\t<div class=\"elementor-element elementor-element-613695f e-con-full e-flex e-con e-child\" data-id=\"613695f\" data-element_type=\"container\" data-e-type=\"container\" data-settings=\"{&quot;background_background&quot;:&quot;classic&quot;}\">\n\t\t<div class=\"elementor-element elementor-element-cc7e7c3 e-con-full blur e-flex e-con e-child\" data-id=\"cc7e7c3\" data-element_type=\"container\" data-e-type=\"container\" data-settings=\"{&quot;background_background&quot;:&quot;classic&quot;}\">\n\t\t\t\t<div class=\"elementor-element elementor-element-a25efa9 elementor-widget elementor-widget-heading\" data-id=\"a25efa9\" data-element_type=\"widget\" data-e-type=\"widget\" data-widget_type=\"heading.default\">\n\t\t\t\t<div class=\"elementor-widget-container\">\n\t\t\t\t\t<h4 class=\"elementor-heading-title elementor-size-default\">Especializa\u00e7\u00e3o<\/h4>\t\t\t\t<\/div>\n\t\t\t\t<\/div>\n\t\t\t\t<div class=\"elementor-element elementor-element-076d498 elementor-widget elementor-widget-heading\" data-id=\"076d498\" data-element_type=\"widget\" data-e-type=\"widget\" data-widget_type=\"heading.default\">\n\t\t\t\t<div class=\"elementor-widget-container\">\n\t\t\t\t\t<p class=\"elementor-heading-title elementor-size-default\">Nossos guias s\u00e3o especialistas e contadores de hist\u00f3rias apaixonados pela Terra do Fogo.<\/p>\t\t\t\t<\/div>\n\t\t\t\t<\/div>\n\t\t\t\t<\/div>\n\t\t\t\t<\/div>\n\t\t<div class=\"elementor-element elementor-element-a24e288 e-con-full e-flex e-con e-child\" data-id=\"a24e288\" data-element_type=\"container\" data-e-type=\"container\" data-settings=\"{&quot;background_background&quot;:&quot;classic&quot;}\">\n\t\t<div class=\"elementor-element elementor-element-7d6f9c6 e-con-full blur e-flex e-con e-child\" data-id=\"7d6f9c6\" data-element_type=\"container\" data-e-type=\"container\" data-settings=\"{&quot;background_background&quot;:&quot;classic&quot;}\">\n\t\t\t\t<div class=\"elementor-element elementor-element-48ecdb2 elementor-widget elementor-widget-heading\" data-id=\"48ecdb2\" data-element_type=\"widget\" data-e-type=\"widget\" data-widget_type=\"heading.default\">\n\t\t\t\t<div class=\"elementor-widget-container\">\n\t\t\t\t\t<h4 class=\"elementor-heading-title elementor-size-default\">Pequenos grupos, grande experi\u00eancia<\/h4>\t\t\t\t<\/div>\n\t\t\t\t<\/div>\n\t\t\t\t<div class=\"elementor-element elementor-element-8a7a697 elementor-widget elementor-widget-heading\" data-id=\"8a7a697\" data-element_type=\"widget\" data-e-type=\"widget\" data-widget_type=\"heading.default\">\n\t\t\t\t<div class=\"elementor-widget-container\">\n\t\t\t\t\t<p class=\"elementor-heading-title elementor-size-default\">Mantemos nossos grupos pequenos para proporcionar uma experi\u00eancia mais pessoal e imersiva.<\/p>\t\t\t\t<\/div>\n\t\t\t\t<\/div>\n\t\t\t\t<\/div>\n\t\t\t\t<\/div>\n\t\t<div class=\"elementor-element elementor-element-071bdf3 e-con-full e-flex e-con e-child\" data-id=\"071bdf3\" data-element_type=\"container\" data-e-type=\"container\" data-settings=\"{&quot;background_background&quot;:&quot;classic&quot;}\">\n\t\t<div class=\"elementor-element elementor-element-6d4cc3e e-con-full blur e-flex e-con e-child\" data-id=\"6d4cc3e\" data-element_type=\"container\" data-e-type=\"container\" data-settings=\"{&quot;background_background&quot;:&quot;classic&quot;}\">\n\t\t\t\t<div class=\"elementor-element elementor-element-eba5cf0 elementor-widget elementor-widget-heading\" data-id=\"eba5cf0\" data-element_type=\"widget\" data-e-type=\"widget\" data-widget_type=\"heading.default\">\n\t\t\t\t<div class=\"elementor-widget-container\">\n\t\t\t\t\t<h4 class=\"elementor-heading-title elementor-size-default\">Sustentabilidade<\/h4>\t\t\t\t<\/div>\n\t\t\t\t<\/div>\n\t\t\t\t<div class=\"elementor-element elementor-element-83fcf20 elementor-widget elementor-widget-heading\" data-id=\"83fcf20\" data-element_type=\"widget\" data-e-type=\"widget\" data-widget_type=\"heading.default\">\n\t\t\t\t<div class=\"elementor-widget-container\">\n\t\t\t\t\t<p class=\"elementor-heading-title elementor-size-default\">Preservamos a natureza e a cultura da Terra do Fogo por meio de pr\u00e1ticas ecologicamente corretas.<\/p>\t\t\t\t<\/div>\n\t\t\t\t<\/div>\n\t\t\t\t<\/div>\n\t\t\t\t<\/div>\n\t\t<div class=\"elementor-element elementor-element-01a4f77 e-con-full e-flex e-con e-child\" data-id=\"01a4f77\" data-element_type=\"container\" data-e-type=\"container\" data-settings=\"{&quot;background_background&quot;:&quot;classic&quot;}\">\n\t\t<div class=\"elementor-element elementor-element-5d1f571 e-con-full blur e-flex e-con e-child\" data-id=\"5d1f571\" data-element_type=\"container\" data-e-type=\"container\" data-settings=\"{&quot;background_background&quot;:&quot;classic&quot;}\">\n\t\t\t\t<div class=\"elementor-element elementor-element-9aa57f8 elementor-widget elementor-widget-heading\" data-id=\"9aa57f8\" data-element_type=\"widget\" data-e-type=\"widget\" data-widget_type=\"heading.default\">\n\t\t\t\t<div class=\"elementor-widget-container\">\n\t\t\t\t\t<h4 class=\"elementor-heading-title elementor-size-default\">Seguran\u00e7a em primeiro lugar<\/h4>\t\t\t\t<\/div>\n\t\t\t\t<\/div>\n\t\t\t\t<div class=\"elementor-element elementor-element-b3febee elementor-widget elementor-widget-heading\" data-id=\"b3febee\" data-element_type=\"widget\" data-e-type=\"widget\" data-widget_type=\"heading.default\">\n\t\t\t\t<div class=\"elementor-widget-container\">\n\t\t\t\t\t<p class=\"elementor-heading-title elementor-size-default\">Sua seguran\u00e7a \u00e9 nossa prioridade. Nossos guias s\u00e3o treinados e seguem os mais altos padr\u00f5es de seguran\u00e7a.<\/p>\t\t\t\t<\/div>\n\t\t\t\t<\/div>\n\t\t\t\t<\/div>\n\t\t\t\t<\/div>\n\t\t\t\t<\/div>\n\t\t\t\t\t<\/div>\n\t\t\t\t<\/div>\n\t\t\t\t<\/div>","protected":false},"excerpt":{"rendered":"<p>A family-owned company dedicated to providing trekking services. Operating since 2016, we add positive and satisfying experiences every day. +10.000 Turistas vivieron una experiencia inolvidable en la Patagonia. +15 A\u00f1os de experiencia organizando excursiones seguras y personalizadas. 4.9 Promedio de rese\u00f1as positivas en plataformas como TripAdvisor. +30 Rutas y destinos para descubrir la belleza natural [&hellip;]<\/p>","protected":false},"author":1,"featured_media":0,"parent":0,"menu_order":0,"comment_status":"closed","ping_status":"closed","template":"","meta":{"footnotes":""},"class_list":["post-729","page","type-page","status-publish","hentry"],"_links":{"self":[{"href":"https:\/\/www.arpontrekking.com\/pt\/wp-json\/wp\/v2\/pages\/729","targetHints":{"allow":["GET"]}}],"collection":[{"href":"https:\/\/www.arpontrekking.com\/pt\/wp-json\/wp\/v2\/pages"}],"about":[{"href":"https:\/\/www.arpontrekking.com\/pt\/wp-json\/wp\/v2\/types\/page"}],"author":[{"embeddable":true,"href":"https:\/\/www.arpontrekking.com\/pt\/wp-json\/wp\/v2\/users\/1"}],"replies":[{"embeddable":true,"href":"https:\/\/www.arpontrekking.com\/pt\/wp-json\/wp\/v2\/comments?post=729"}],"version-history":[{"count":25,"href":"https:\/\/www.arpontrekking.com\/pt\/wp-json\/wp\/v2\/pages\/729\/revisions"}],"predecessor-version":[{"id":791,"href":"https:\/\/www.arpontrekking.com\/pt\/wp-json\/wp\/v2\/pages\/729\/revisions\/791"}],"wp:attachment":[{"href":"https:\/\/www.arpontrekking.com\/pt\/wp-json\/wp\/v2\/media?parent=729"}],"curies":[{"name":"wp","href":"https:\/\/api.w.org\/{rel}","templated":true}]}}